{"id":11,"date":"2018-10-05T20:56:41","date_gmt":"2018-10-05T18:56:41","guid":{"rendered":"http:\/\/www.exclusifmag.com\/online\/?page_id=11"},"modified":"2019-03-27T11:49:16","modified_gmt":"2019-03-27T10:49:16","slug":"termes-conditions","status":"publish","type":"page","link":"https:\/\/www.exclusifmag.com\/online\/termes-conditions\/","title":{"rendered":"Termes &#038; Conditions"},"content":{"rendered":"<p><strong>Propri\u00e9t\u00e9<\/strong><\/p>\n<p>Le site internet d&rsquo;Exclusif Magazine est la propri\u00e9t\u00e9 de<\/p>\n<p>Ysatis Consulting SA<\/p>\n<p>Case postale 28<\/p>\n<p>CH 1226 Th\u00f4nex<\/p>\n<p>T\u00e9l. +41 22 346 15 34<\/p>\n<p><strong>Droits d\u2019auteur <\/strong><\/p>\n<p>Les contenus (textes, images) sont la propri\u00e9t\u00e9 d&rsquo;Exclusif Magazine et ne peuvent \u00eatre utilis\u00e9s sans notre accord et sont prot\u00e9g\u00e9s par les droits d&rsquo;auteur<\/p>\n<p><strong>Droit applicable et for<\/strong><\/p>\n<p>Les pr\u00e9sentes conditions g\u00e9n\u00e9rales, la politique en mati\u00e8re de protection des donn\u00e9es, ainsi que tous les actes li\u00e9s \u00e0 celles-ci sont exclusivement soumises au droit mat\u00e9riel suisse, \u00e0 l\u2019exclusion des r\u00e8gles de conflit de normes suisses et du lieu de votre domicile.<\/p>\n<p>Sous r\u00e9serve de dispositions l\u00e9gales imp\u00e9ratives, tous les litiges se rapportant aux pr\u00e9sentes conditions g\u00e9n\u00e9rales et \u00e0 la Politique en mati\u00e8re de protection des donn\u00e9es rel\u00e8vent de la comp\u00e9tence exclusive des tribunaux du canton de Gen\u00e8ve.<\/p>\n","protected":false},"excerpt":{"rendered":"<p>Propri\u00e9t\u00e9 Le site internet d&rsquo;Exclusif Magazine est la propri\u00e9t\u00e9 de Ysatis Consulting SA Case postale 28 CH 1226 Th\u00f4nex T\u00e9l. +41 22 346 15 34 Droits d\u2019auteur Les contenus (textes, images) sont la propri\u00e9t\u00e9 d&rsquo;Exclusif Magazine et ne peuvent \u00eatre utilis\u00e9s sans notre accord et sont prot\u00e9g\u00e9s par les droits d&rsquo;auteur Droit applicable et for [&hellip;]<\/p>\n","protected":false},"author":1,"featured_media":0,"parent":0,"menu_order":0,"comment_status":"closed","ping_status":"closed","template":"page.php","meta":{"footnotes":""},"class_list":["post-11","page","type-page","status-publish","hentry"],"_links":{"self":[{"href":"https:\/\/www.exclusifmag.com\/online\/wp-json\/wp\/v2\/pages\/11","targetHints":{"allow":["GET"]}}],"collection":[{"href":"https:\/\/www.exclusifmag.com\/online\/wp-json\/wp\/v2\/pages"}],"about":[{"href":"https:\/\/www.exclusifmag.com\/online\/wp-json\/wp\/v2\/types\/page"}],"author":[{"embeddable":true,"href":"https:\/\/www.exclusifmag.com\/online\/wp-json\/wp\/v2\/users\/1"}],"replies":[{"embeddable":true,"href":"https:\/\/www.exclusifmag.com\/online\/wp-json\/wp\/v2\/comments?post=11"}],"version-history":[{"count":5,"href":"https:\/\/www.exclusifmag.com\/online\/wp-json\/wp\/v2\/pages\/11\/revisions"}],"predecessor-version":[{"id":4906,"href":"https:\/\/www.exclusifmag.com\/online\/wp-json\/wp\/v2\/pages\/11\/revisions\/4906"}],"wp:attachment":[{"href":"https:\/\/www.exclusifmag.com\/online\/wp-json\/wp\/v2\/media?parent=11"}],"curies":[{"name":"wp","href":"https:\/\/api.w.org\/{rel}","templated":true}]}}