{"id":603,"date":"2018-11-10T19:59:55","date_gmt":"2018-11-10T18:59:55","guid":{"rendered":"http:\/\/www.exclusifmag.com\/online\/?page_id=603"},"modified":"2021-10-05T09:28:35","modified_gmt":"2021-10-05T07:28:35","slug":"impressum","status":"publish","type":"page","link":"https:\/\/www.exclusifmag.com\/online\/impressum\/","title":{"rendered":"Impressum"},"content":{"rendered":"<p style=\"text-align: center;\">Design &amp; cr\u00e9ation internet : <a href=\"https:\/\/igeneve.com\" target=\"_blank\" rel=\"noopener\">igeneve.com<\/a> (<a href=\"https:\/\/igeneve.com\" target=\"_blank\" rel=\"noopener\">agence cr\u00e9ative du print au web bas\u00e9 \u00e0 Gen\u00e8ve<\/a>)<\/p>\n<p>&nbsp;<\/p>\n","protected":false},"excerpt":{"rendered":"<p>Design &amp; cr\u00e9ation internet : igeneve.com (agence cr\u00e9ative du print au web bas\u00e9 \u00e0 Gen\u00e8ve) &nbsp;<\/p>\n","protected":false},"author":1,"featured_media":0,"parent":0,"menu_order":0,"comment_status":"closed","ping_status":"closed","template":"page.php","meta":{"footnotes":""},"class_list":["post-603","page","type-page","status-publish","hentry"],"_links":{"self":[{"href":"https:\/\/www.exclusifmag.com\/online\/wp-json\/wp\/v2\/pages\/603","targetHints":{"allow":["GET"]}}],"collection":[{"href":"https:\/\/www.exclusifmag.com\/online\/wp-json\/wp\/v2\/pages"}],"about":[{"href":"https:\/\/www.exclusifmag.com\/online\/wp-json\/wp\/v2\/types\/page"}],"author":[{"embeddable":true,"href":"https:\/\/www.exclusifmag.com\/online\/wp-json\/wp\/v2\/users\/1"}],"replies":[{"embeddable":true,"href":"https:\/\/www.exclusifmag.com\/online\/wp-json\/wp\/v2\/comments?post=603"}],"version-history":[{"count":10,"href":"https:\/\/www.exclusifmag.com\/online\/wp-json\/wp\/v2\/pages\/603\/revisions"}],"predecessor-version":[{"id":17097,"href":"https:\/\/www.exclusifmag.com\/online\/wp-json\/wp\/v2\/pages\/603\/revisions\/17097"}],"wp:attachment":[{"href":"https:\/\/www.exclusifmag.com\/online\/wp-json\/wp\/v2\/media?parent=603"}],"curies":[{"name":"wp","href":"https:\/\/api.w.org\/{rel}","templated":true}]}}